{"id":7,"date":"2020-03-27T12:48:23","date_gmt":"2020-03-27T11:48:23","guid":{"rendered":"https:\/\/huegen.de\/?page_id=7"},"modified":"2023-06-08T16:08:40","modified_gmt":"2023-06-08T14:08:40","slug":"ueber-uns","status":"publish","type":"page","link":"https:\/\/huegen.de\/?page_id=7","title":{"rendered":"\u00dcber mich"},"content":{"rendered":"\n<p>Hallo Ihr Lieben!<\/p>\n\n\n\n<p>Mein Name ist Andreas H\u00fcgen, bin verheiratet und habe einen Sohn. <\/p>\n\n\n\n<p>Mit dem N\u00e4hen habe ich vor etwa 3 Jahren angefangen, weil wir f\u00fcr unseren Wohnwagen neue Gardinen ben\u00f6tigten. Ich habe mir damals eine einfache N\u00e4hmaschine gekauft und Gardinen und \u00dcbergardinen f\u00fcr den Wohnwagen gen\u00e4ht. Danach habe ich mich an Tischdecken f\u00fcr Weihnachten gewagt und <a rel=\"noreferrer noopener\" href=\"https:\/\/www.etsy.com\/de\/shop\/HandmadebyHuegen?section_id=28395638\" target=\"_blank\"><mark style=\"background-color:rgba(0, 0, 0, 0)\" class=\"has-inline-color has-gray-color\"><strong>Brotk\u00f6rbchen<\/strong><\/mark><\/a>, <a rel=\"noreferrer noopener\" href=\"https:\/\/www.etsy.com\/de\/shop\/HandmadebyHuegen?section_id=28582328\" target=\"_blank\"><strong><mark style=\"background-color:rgba(0, 0, 0, 0)\" class=\"has-inline-color has-gray-color\">Lavendels\u00e4ckchen<\/mark><\/strong><\/a>, <a rel=\"noreferrer noopener\" href=\"https:\/\/www.etsy.com\/de\/shop\/HandmadebyHuegen?section_id=28413505\" target=\"_blank\"><mark style=\"background-color:rgba(0, 0, 0, 0)\" class=\"has-inline-color has-gray-color\"><strong>Kirschkernkissen<\/strong><\/mark><\/a>, <a href=\"https:\/\/www.etsy.com\/de\/shop\/HandmadebyHuegen?section_id=28413505\"><strong><mark style=\"background-color:rgba(0, 0, 0, 0)\" class=\"has-inline-color has-gray-color\">W\u00e4rmekissen<\/mark><\/strong><\/a>, <strong><a href=\"https:\/\/www.etsy.com\/de\/shop\/HandmadebyHuegen?section_id=28413505\"><mark style=\"background-color:rgba(0, 0, 0, 0)\" class=\"has-inline-color has-gray-color\">Yoga-Augenkissen<\/mark><\/a><\/strong>, <a rel=\"noreferrer noopener\" href=\"https:\/\/www.etsy.com\/de\/shop\/HandmadebyHuegen?section_id=28492950\" target=\"_blank\"><strong><mark style=\"background-color:rgba(0, 0, 0, 0)\" class=\"has-inline-color has-gray-color\">Buchkissen<\/mark><\/strong><\/a>, <a rel=\"noreferrer noopener\" href=\"https:\/\/www.etsy.com\/de\/shop\/HandmadebyHuegen?section_id=28492950\" target=\"_blank\"><mark style=\"background-color:rgba(0, 0, 0, 0)\" class=\"has-inline-color has-gray-color\"><strong>Sitzs\u00e4cke f\u00fcr Handy&#8217;s und Tablet&#8217;s<\/strong><\/mark><\/a>, <strong><a rel=\"noreferrer noopener\" href=\"https:\/\/www.etsy.com\/de\/shop\/HandmadebyHuegen?section_id=29664997\" target=\"_blank\"><mark style=\"background-color:rgba(0, 0, 0, 0)\" class=\"has-inline-color has-gray-color\">Schl\u00fcsselb\u00e4nder<\/mark><\/a><\/strong>, <strong><a rel=\"noreferrer noopener\" href=\"https:\/\/www.etsy.com\/de\/shop\/HandmadebyHuegen?section_id=38653692\" target=\"_blank\"><mark style=\"background-color:rgba(0, 0, 0, 0)\" class=\"has-inline-color has-gray-color\">Strandkabinen<\/mark><mark style=\"background-color:rgba(0, 0, 0, 0)\" class=\"has-inline-color has-gray-color\"><\/mark><\/a><\/strong>, etc. gen\u00e4ht. W\u00e4hrend der Anf\u00e4ge der Corona-Pandemie habe ich 100derte <a rel=\"noreferrer noopener\" href=\"https:\/\/www.etsy.com\/de\/shop\/HandmadebyHuegen?section_id=28395640\" target=\"_blank\"><mark style=\"background-color:rgba(0, 0, 0, 0)\" class=\"has-inline-color has-gray-color\"><strong>Mundschutze<\/strong><\/mark><\/a> gen\u00e4ht! Dazu kam ich, weil meine Frau, Arzthelferin, einen Mundschutz f\u00fcr die Arbeit brauchte. Also wurde ein Mundschutz entworfen, der angenehm zu tragen ist. Diese Mundschutze kamen bei Bekannten, Arbeitskollegen und Freunden so gut an, dass ich dann Massen davon n\u00e4hte und in meinem <a rel=\"noreferrer noopener\" href=\"https:\/\/www.etsy.com\/de\/shop\/HandmadebyHuegen\" target=\"_blank\"><mark style=\"background-color:rgba(0, 0, 0, 0)\" class=\"has-inline-color has-dark-gray-color\"><strong>Shop bei Etsy.de<\/strong><\/mark><\/a> verkauft habe. Seit dieser Zeit w\u00e4chst mein <a rel=\"noreferrer noopener\" href=\"https:\/\/www.etsy.com\/de\/shop\/HandmadebyHuegen\" target=\"_blank\"><mark style=\"background-color:rgba(0, 0, 0, 0)\" class=\"has-inline-color has-dark-gray-color\"><strong>Shop bei Etsy.de<\/strong><\/mark><\/a> gewaltig. Schau doch mal vorbei! <a rel=\"noreferrer noopener\" href=\"https:\/\/www.etsy.com\/de\/shop\/HandmadebyHuegen\" target=\"_blank\"><mark style=\"background-color:rgba(0, 0, 0, 0)\" class=\"has-inline-color has-dark-gray-color\"><strong><mark style=\"background-color:rgba(0, 0, 0, 0)\" class=\"has-inline-color has-dark-gray-color\"><\/mark><\/strong><\/mark><\/a>Es gibt immer was Neues zu entdecken!<\/p>\n","protected":false},"excerpt":{"rendered":"<p>Hallo Ihr Lieben! Mein Name ist Andreas H\u00fcgen, bin verheiratet und habe einen Sohn. Mit dem N\u00e4hen habe ich vor etwa 3 Jahren angefangen, weil wir f\u00fcr unseren Wohnwagen neue Gardinen ben\u00f6tigten. Ich habe mir damals eine einfache N\u00e4hmaschine gekauft und Gardinen und \u00dcbergardinen f\u00fcr den Wohnwagen gen\u00e4ht. Danach habe ich mich an Tischdecken f\u00fcr&hellip;&nbsp;<a href=\"https:\/\/huegen.de\/?page_id=7\" class=\"\" rel=\"bookmark\">Weiterlesen &raquo;<span class=\"screen-reader-text\">\u00dcber mich<\/span><\/a><\/p>\n","protected":false},"author":1,"featured_media":0,"parent":0,"menu_order":0,"comment_status":"closed","ping_status":"closed","template":"","meta":{"neve_meta_sidebar":"","neve_meta_container":"","neve_meta_enable_content_width":"","neve_meta_content_width":0,"neve_meta_title_alignment":"","neve_meta_author_avatar":"","neve_post_elements_order":"","neve_meta_disable_header":"","neve_meta_disable_footer":"","neve_meta_disable_title":"","footnotes":""},"_links":{"self":[{"href":"https:\/\/huegen.de\/index.php?rest_route=\/wp\/v2\/pages\/7"}],"collection":[{"href":"https:\/\/huegen.de\/index.php?rest_route=\/wp\/v2\/pages"}],"about":[{"href":"https:\/\/huegen.de\/index.php?rest_route=\/wp\/v2\/types\/page"}],"author":[{"embeddable":true,"href":"https:\/\/huegen.de\/index.php?rest_route=\/wp\/v2\/users\/1"}],"replies":[{"embeddable":true,"href":"https:\/\/huegen.de\/index.php?rest_route=%2Fwp%2Fv2%2Fcomments&post=7"}],"version-history":[{"count":3,"href":"https:\/\/huegen.de\/index.php?rest_route=\/wp\/v2\/pages\/7\/revisions"}],"predecessor-version":[{"id":746,"href":"https:\/\/huegen.de\/index.php?rest_route=\/wp\/v2\/pages\/7\/revisions\/746"}],"wp:attachment":[{"href":"https:\/\/huegen.de\/index.php?rest_route=%2Fwp%2Fv2%2Fmedia&parent=7"}],"curies":[{"name":"wp","href":"https:\/\/api.w.org\/{rel}","templated":true}]}}