{"id":750,"date":"2023-06-08T16:44:14","date_gmt":"2023-06-08T14:44:14","guid":{"rendered":"https:\/\/huegen.de\/?page_id=750"},"modified":"2023-06-08T16:56:36","modified_gmt":"2023-06-08T14:56:36","slug":"strand-umkleide-eine-wahre-geschichte","status":"publish","type":"page","link":"https:\/\/huegen.de\/?page_id=750","title":{"rendered":"Strand-Umkleide &#8211; Eine wahre Geschichte"},"content":{"rendered":"\n<p><\/p>\n\n\n\n<p>Wie kam es zu H\u00fcgen\u00b4s Strand-Umkleide?<br><br>Ich war mit meiner Frau 2022 in Frankreich an der Cote d\u2019Azur im Campingurlaub. Wir haben viele Ausfl\u00fcge unternommen und wollten dann nach einer St\u00e4dtebesichtigung irgendwo an der K\u00fcste an den Strand. Nur wo zieht man sich seine Badesachen an bzw. die nassen Badesachen wieder aus? Strandkabinen? Fehlanzeige! Auf einer \u00f6ffentlichen Toilette? Igitt! Am Strand mit einem gro\u00dfen Badehandtuch? Mit der einen Hand das Handtuch festhalten und mit er anderen darunter die Badehose ausziehen? Schwupp \u2026. da war das Handtuch auch schon weggerutscht und man(n)\/frau stand ohne was da! \ud83d\ude0a Wir haben uns dann immer am Auto zwischen den Autot\u00fcren umgezogen. Das geht! Allerdings hatten wir immer das Gl\u00fcck, dass genau in diesem Moment ein Auto neben uns parkte oder wegfuhr. Oder im gegen\u00fcberstehenden Auto, sa\u00df jemand, der telefonierte!\ud83d\ude09<br>Da fiel uns die gute alte Strandumkleide aus den 60er\/70er Jahren von Oma wieder ein! Nicht alles war schlecht fr\u00fcher. Die gute alte Retro-Umkleidekabine! Nein, was h\u00e4tten wir daf\u00fcr gegeben, eine solche Umkleide aus Stoff dabei gehabt zu haben.<\/p>\n\n\n\n<p>Also war klar, im n\u00e4chsten Urlaub musste eine Strandkabine mit. Im Urlaub habe ich mir schon Gedanken gemacht, wie die Strandumkleide aussehen k\u00f6nnte und aus welchem Material ich sie n\u00e4hen soll. Ich habe das Internet durchsucht, aber nicht viel zum Thema \u201eStrandkabine, Strandumkleide, Stoffumkleide, Umkleidehilfe, Stoffumkleide, Umziehhilfe\u201c gefunden.<br>Soll oben ein Gummiband rein oder lieber doch nur eine Kordel mit Feststeller? Ich habe mich schlie\u00dflich f\u00fcr eine Stoffumkleide aus leichter Baumwolle mit einer 4mm Kordel nebst einem 2-Loch-Kordelstopper am oberen Halsausschnitt entschieden. (Gummiband leiert mit der Zeit aus und muss dann m\u00fchsam ersetzt werden.)<\/p>\n\n\n\n<p>\u201eH\u00fcgen\u00b4s Strandkabine\u201c kann \u00fcber den Kopf gezogen werden oder man \u00f6ffnet die Kordel am Halsausschnitt und steigt von unten herein und zieht sie nach oben und schlie\u00dft anschlie\u00dfend die Kordel mittels Kordelstopper. Darunter kann man sich dann prima mit beiden H\u00e4nden umziehen, ohne Angst zu haben, dass einem das Handtuch herunterf\u00e4llt. Die Kabine hat eine L\u00e4nge von 135 cm, so dass man sich beim Umziehen auch b\u00fccken kann, ohne sein Hinterteil ins Freie zu strecken. Der Umfang der Kabine betr\u00e4gt ca. 170 cm, damit man sich darunter auch gut bewegen und beide Arme spreizen kann, um z.B. das Bikinioberteil auf dem R\u00fccken zu schlie\u00dfen. Die Strandumkleide kann am Strand, im Schwimmbad oder auch auf dem Parkplatz \ud83d\ude09 benutzt werden. Du kannst \u201eH\u00fcgen\u2019s Strandkabine\u201c auch auf dem Campingplatz benutzen, wenn du z.B. mit einem kleinen Zelt unterwegs bist und dich nicht im Liegen umziehen m\u00f6chtest.<\/p>\n\n\n\n<p>Meine Strandkabine, Strandumkleide, Umkleidehilfe, kannst du in meinem <a href=\"https:\/\/www.etsy.com\/de\/shop\/HandmadebyHuegen?section_id=38653692\" data-type=\"URL\" data-id=\"https:\/\/www.etsy.com\/de\/shop\/HandmadebyHuegen?section_id=38653692\">Etsy-Shop<\/a> kaufen.<\/p>\n\n\n\n<p><\/p>\n\n\n\n<p>Damit die nur 300 g schwere Strandkabine in deiner Strandtasche nicht allzuviel Platz in Anspruch nimmt, habe ich einen praktischen Beutel dazu entworfen, indem sich die Strandkabine gut verstauen l\u00e4sst. Der Beutel geh\u00f6rt selbstverst\u00e4ndlich mit zum Lieferumfang.<\/p>\n","protected":false},"excerpt":{"rendered":"<p>Wie kam es zu H\u00fcgen\u00b4s Strand-Umkleide? Ich war mit meiner Frau 2022 in Frankreich an der Cote d\u2019Azur im Campingurlaub. Wir haben viele Ausfl\u00fcge unternommen und wollten dann nach einer St\u00e4dtebesichtigung irgendwo an der K\u00fcste an den Strand. Nur wo zieht man sich seine Badesachen an bzw. die nassen Badesachen wieder aus? Strandkabinen? Fehlanzeige! Auf&hellip;&nbsp;<a href=\"https:\/\/huegen.de\/?page_id=750\" class=\"\" rel=\"bookmark\">Weiterlesen &raquo;<span class=\"screen-reader-text\">Strand-Umkleide &#8211; Eine wahre Geschichte<\/span><\/a><\/p>\n","protected":false},"author":1,"featured_media":0,"parent":0,"menu_order":0,"comment_status":"closed","ping_status":"closed","template":"","meta":{"neve_meta_sidebar":"","neve_meta_container":"","neve_meta_enable_content_width":"","neve_meta_content_width":0,"neve_meta_title_alignment":"","neve_meta_author_avatar":"","neve_post_elements_order":"","neve_meta_disable_header":"","neve_meta_disable_footer":"","neve_meta_disable_title":"","footnotes":""},"_links":{"self":[{"href":"https:\/\/huegen.de\/index.php?rest_route=\/wp\/v2\/pages\/750"}],"collection":[{"href":"https:\/\/huegen.de\/index.php?rest_route=\/wp\/v2\/pages"}],"about":[{"href":"https:\/\/huegen.de\/index.php?rest_route=\/wp\/v2\/types\/page"}],"author":[{"embeddable":true,"href":"https:\/\/huegen.de\/index.php?rest_route=\/wp\/v2\/users\/1"}],"replies":[{"embeddable":true,"href":"https:\/\/huegen.de\/index.php?rest_route=%2Fwp%2Fv2%2Fcomments&post=750"}],"version-history":[{"count":2,"href":"https:\/\/huegen.de\/index.php?rest_route=\/wp\/v2\/pages\/750\/revisions"}],"predecessor-version":[{"id":753,"href":"https:\/\/huegen.de\/index.php?rest_route=\/wp\/v2\/pages\/750\/revisions\/753"}],"wp:attachment":[{"href":"https:\/\/huegen.de\/index.php?rest_route=%2Fwp%2Fv2%2Fmedia&parent=750"}],"curies":[{"name":"wp","href":"https:\/\/api.w.org\/{rel}","templated":true}]}}