{"id":84,"date":"2020-04-04T01:29:06","date_gmt":"2020-04-03T23:29:06","guid":{"rendered":"https:\/\/huegen.de\/?page_id=84"},"modified":"2022-06-30T00:15:09","modified_gmt":"2022-06-29T22:15:09","slug":"impressum","status":"publish","type":"page","link":"https:\/\/huegen.de\/?page_id=84","title":{"rendered":"Impressum"},"content":{"rendered":"\n<p> <strong>Inhaltlich verantwortlich gem\u00e4\u00df \u00a7 55 Abs. 2 RStV:<\/strong><br> Andreas H\u00fcgen (Anschrift siehe \u00bb <a href=\"https:\/\/huegen.de\/kontakt\/\"><mark style=\"background-color:rgba(0, 0, 0, 0)\" class=\"has-inline-color has-black-color\">Kontakt<\/mark><\/a>)<br> <br> <strong>Umsatzsteuer-Identifikationsnummer:<\/strong><br> DE280683438<br> <br>Namentlich gekennzeichnete Artikel und nicht von uns geschriebene Forenbeitr\u00e4ge entsprechen nicht unbedingt unserer Meinung.<br> <br>Das Landgericht Hamburg hat durch Urteil vom 12.05.1998 -AZ: 312 O  85\/98- entschieden, dass man durch die Anbringung eines Links die  Inhalte der gelinkten Seite ggf. mit zu verantworten hat. Dies kann  gem\u00e4\u00df dem Landgericht nur dadurch verhindert werden, wenn man sich  ausdr\u00fccklich von diesen Inhalten distanziert.<br> <br>Wir m\u00f6chten deshalb ausdr\u00fccklich betonen, dass wir keinerlei Einfluss  auf die Gestaltung und die Inhalte der gelinkten Seiten haben und uns  von deren Inhalten distanzieren. Dies gilt im Sinne des Urteils f\u00fcr alle  Inhalte s\u00e4mtlicher gelinkten Seiten auf unserer gesamten Website inkl.  aller Unterseiten.<br> <br>Weiterhin ist es unsere Absicht, nur Material zu ver\u00f6ffentlichen, das  keine urheberrechtlichen Anspr\u00fcche verletzt. Auch hier bitten wir  insbesondere die uns unbekannten Inhaber solcher Anspr\u00fcche auf Material  unserer Homepage um Information, falls wir unwissentlich  urheberrechtlich gesch\u00fctztes Gut publiziert haben sollten. Wir werden  dies unverz\u00fcglich nach \u00dcberpr\u00fcfung entfernen.<br> <\/p>\n","protected":false},"excerpt":{"rendered":"<p>Inhaltlich verantwortlich gem\u00e4\u00df \u00a7 55 Abs. 2 RStV: Andreas H\u00fcgen (Anschrift siehe \u00bb Kontakt) Umsatzsteuer-Identifikationsnummer: DE280683438 Namentlich gekennzeichnete Artikel und nicht von uns geschriebene Forenbeitr\u00e4ge entsprechen nicht unbedingt unserer Meinung. Das Landgericht Hamburg hat durch Urteil vom 12.05.1998 -AZ: 312 O 85\/98- entschieden, dass man durch die Anbringung eines Links die Inhalte der gelinkten Seite&hellip;&nbsp;<a href=\"https:\/\/huegen.de\/?page_id=84\" class=\"\" rel=\"bookmark\">Weiterlesen &raquo;<span class=\"screen-reader-text\">Impressum<\/span><\/a><\/p>\n","protected":false},"author":1,"featured_media":0,"parent":65,"menu_order":0,"comment_status":"closed","ping_status":"closed","template":"","meta":{"neve_meta_sidebar":"","neve_meta_container":"","neve_meta_enable_content_width":"","neve_meta_content_width":0,"neve_meta_title_alignment":"","neve_meta_author_avatar":"","neve_post_elements_order":"","neve_meta_disable_header":"","neve_meta_disable_footer":"","neve_meta_disable_title":"","footnotes":""},"_links":{"self":[{"href":"https:\/\/huegen.de\/index.php?rest_route=\/wp\/v2\/pages\/84"}],"collection":[{"href":"https:\/\/huegen.de\/index.php?rest_route=\/wp\/v2\/pages"}],"about":[{"href":"https:\/\/huegen.de\/index.php?rest_route=\/wp\/v2\/types\/page"}],"author":[{"embeddable":true,"href":"https:\/\/huegen.de\/index.php?rest_route=\/wp\/v2\/users\/1"}],"replies":[{"embeddable":true,"href":"https:\/\/huegen.de\/index.php?rest_route=%2Fwp%2Fv2%2Fcomments&post=84"}],"version-history":[{"count":6,"href":"https:\/\/huegen.de\/index.php?rest_route=\/wp\/v2\/pages\/84\/revisions"}],"predecessor-version":[{"id":721,"href":"https:\/\/huegen.de\/index.php?rest_route=\/wp\/v2\/pages\/84\/revisions\/721"}],"up":[{"embeddable":true,"href":"https:\/\/huegen.de\/index.php?rest_route=\/wp\/v2\/pages\/65"}],"wp:attachment":[{"href":"https:\/\/huegen.de\/index.php?rest_route=%2Fwp%2Fv2%2Fmedia&parent=84"}],"curies":[{"name":"wp","href":"https:\/\/api.w.org\/{rel}","templated":true}]}}